{"id":395,"date":"2022-11-28T23:32:52","date_gmt":"2022-11-28T23:32:52","guid":{"rendered":"https:\/\/r99.d89.mywebsitetransfer.com\/?page_id=395"},"modified":"2023-10-13T15:21:56","modified_gmt":"2023-10-13T15:21:56","slug":"birthdays","status":"publish","type":"page","link":"https:\/\/gardenvistanj.com\/es\/events\/birthdays\/","title":{"rendered":"cumplea\u00f1os"},"content":{"rendered":"<p>Los cumplea\u00f1os importantes merecen especial atenci\u00f3n y celebraci\u00f3n. Convi\u00e9rtalo en un evento para recordar en nuestro hist\u00f3rico Grand Ballroom, donde creemos que todos deben celebrar a cualquier edad, desde 1 hasta 101 a\u00f1os.<\/p>","protected":false},"excerpt":{"rendered":"<p>Los cumplea\u00f1os importantes merecen especial atenci\u00f3n y celebraci\u00f3n. Convi\u00e9rtalo en un evento para recordar en nuestro hist\u00f3rico Grand Ballroom, donde creemos que todos deben celebrar a cualquier edad, desde 1 hasta 101 a\u00f1os.<\/p>","protected":false},"author":1,"featured_media":1446,"parent":375,"menu_order":0,"comment_status":"closed","ping_status":"closed","template":"","meta":{"_acf_changed":false,"inline_featured_image":false,"site-sidebar-layout":"default","site-content-layout":"","ast-site-content-layout":"default","site-content-style":"default","site-sidebar-style":"default","ast-global-header-display":"","ast-banner-title-visibility":"","ast-main-header-display":"","ast-hfb-above-header-display":"","ast-hfb-below-header-display":"","ast-hfb-mobile-header-display":"","site-post-title":"","ast-breadcrumbs-content":"","ast-featured-img":"","footer-sml-layout":"","ast-disable-related-posts":"","theme-transparent-header-meta":"","adv-header-id-meta":"","stick-header-meta":"","header-above-stick-meta":"","header-main-stick-meta":"","header-below-stick-meta":"","astra-migrate-meta-layouts":"set","ast-page-background-enabled":"default","ast-page-background-meta":{"desktop":{"background-color":"var(--ast-global-color-4)","background-image":"","background-repeat":"repeat","background-position":"center center","background-size":"auto","background-attachment":"scroll","background-type":"","background-media":"","overlay-type":"","overlay-color":"","overlay-opacity":"","overlay-gradient":""},"tablet":{"background-color":"","background-image":"","background-repeat":"repeat","background-position":"center center","background-size":"auto","background-attachment":"scroll","background-type":"","background-media":"","overlay-type":"","overlay-color":"","overlay-opacity":"","overlay-gradient":""},"mobile":{"background-color":"","background-image":"","background-repeat":"repeat","background-position":"center center","background-size":"auto","background-attachment":"scroll","background-type":"","background-media":"","overlay-type":"","overlay-color":"","overlay-opacity":"","overlay-gradient":""}},"ast-content-background-meta":{"desktop":{"background-color":"var(--ast-global-color-5)","background-image":"","background-repeat":"repeat","background-position":"center center","background-size":"auto","background-attachment":"scroll","background-type":"","background-media":"","overlay-type":"","overlay-color":"","overlay-opacity":"","overlay-gradient":""},"tablet":{"background-color":"var(--ast-global-color-5)","background-image":"","background-repeat":"repeat","background-position":"center center","background-size":"auto","background-attachment":"scroll","background-type":"","background-media":"","overlay-type":"","overlay-color":"","overlay-opacity":"","overlay-gradient":""},"mobile":{"background-color":"var(--ast-global-color-5)","background-image":"","background-repeat":"repeat","background-position":"center center","background-size":"auto","background-attachment":"scroll","background-type":"","background-media":"","overlay-type":"","overlay-color":"","overlay-opacity":"","overlay-gradient":""}},"footnotes":""},"categories":[10],"class_list":["post-395","page","type-page","status-publish","has-post-thumbnail","hentry","category-featured-event"],"acf":[],"yoast_head":"<!-- This site is optimized with the Yoast SEO plugin v27.4 - https:\/\/yoast.com\/product\/yoast-seo-wordpress\/ -->\n<title>Birthdays | Garden Vista Ballroom<\/title>\n<meta name=\"description\" content=\"The historic Garden Vista Ballroom is a popular birthday venue in NJ. We offer affordable luxury in every all-inclusive package.\" \/>\n<meta name=\"robots\" content=\"index, follow, max-snippet:-1, max-image-preview:large, max-video-preview:-1\" \/>\n<link rel=\"canonical\" href=\"https:\/\/gardenvistanj.com\/es\/events\/birthdays\/\" \/>\n<meta property=\"og:locale\" content=\"es_ES\" \/>\n<meta property=\"og:type\" content=\"article\" \/>\n<meta property=\"og:title\" content=\"Birthdays | Garden Vista Ballroom\" \/>\n<meta property=\"og:description\" content=\"The historic Garden Vista Ballroom is a popular birthday venue in NJ. We offer affordable luxury in every all-inclusive package.\" \/>\n<meta property=\"og:url\" content=\"https:\/\/gardenvistanj.com\/es\/events\/birthdays\/\" \/>\n<meta property=\"og:site_name\" content=\"Garden Vista Ballroom\" \/>\n<meta property=\"article:publisher\" content=\"https:\/\/www.facebook.com\/gardenvistaballroom\/\" \/>\n<meta property=\"article:modified_time\" content=\"2023-10-13T15:21:56+00:00\" \/>\n<meta property=\"og:image\" content=\"https:\/\/gardenvistanj.com\/wp-content\/uploads\/2022\/12\/Garden-Vista-Ballroom-NJ-Birthdays-scaled.jpg\" \/>\n\t<meta property=\"og:image:width\" content=\"2560\" \/>\n\t<meta property=\"og:image:height\" content=\"941\" \/>\n\t<meta property=\"og:image:type\" content=\"image\/jpeg\" \/>\n<meta name=\"twitter:card\" content=\"summary_large_image\" \/>\n<meta name=\"twitter:site\" content=\"@GardenVistaNJ\" \/>\n<meta name=\"twitter:label1\" content=\"Tiempo de lectura\" \/>\n\t<meta name=\"twitter:data1\" content=\"1 minuto\" \/>\n<script type=\"application\/ld+json\" class=\"yoast-schema-graph\">{\"@context\":\"https:\\\/\\\/schema.org\",\"@graph\":[{\"@type\":\"WebPage\",\"@id\":\"https:\\\/\\\/gardenvistanj.com\\\/events\\\/birthdays\\\/\",\"url\":\"https:\\\/\\\/gardenvistanj.com\\\/events\\\/birthdays\\\/\",\"name\":\"Birthdays | Garden Vista Ballroom\",\"isPartOf\":{\"@id\":\"https:\\\/\\\/gardenvistanj.com\\\/#website\"},\"primaryImageOfPage\":{\"@id\":\"https:\\\/\\\/gardenvistanj.com\\\/events\\\/birthdays\\\/#primaryimage\"},\"image\":{\"@id\":\"https:\\\/\\\/gardenvistanj.com\\\/events\\\/birthdays\\\/#primaryimage\"},\"thumbnailUrl\":\"https:\\\/\\\/gardenvistanj.com\\\/wp-content\\\/uploads\\\/2022\\\/12\\\/Garden-Vista-Ballroom-NJ-Birthdays-scaled.jpg\",\"datePublished\":\"2022-11-28T23:32:52+00:00\",\"dateModified\":\"2023-10-13T15:21:56+00:00\",\"description\":\"The historic Garden Vista Ballroom is a popular birthday venue in NJ. We offer affordable luxury in every all-inclusive package.\",\"breadcrumb\":{\"@id\":\"https:\\\/\\\/gardenvistanj.com\\\/events\\\/birthdays\\\/#breadcrumb\"},\"inLanguage\":\"es\",\"potentialAction\":[{\"@type\":\"ReadAction\",\"target\":[\"https:\\\/\\\/gardenvistanj.com\\\/events\\\/birthdays\\\/\"]}]},{\"@type\":\"ImageObject\",\"inLanguage\":\"es\",\"@id\":\"https:\\\/\\\/gardenvistanj.com\\\/events\\\/birthdays\\\/#primaryimage\",\"url\":\"https:\\\/\\\/gardenvistanj.com\\\/wp-content\\\/uploads\\\/2022\\\/12\\\/Garden-Vista-Ballroom-NJ-Birthdays-scaled.jpg\",\"contentUrl\":\"https:\\\/\\\/gardenvistanj.com\\\/wp-content\\\/uploads\\\/2022\\\/12\\\/Garden-Vista-Ballroom-NJ-Birthdays-scaled.jpg\",\"width\":2560,\"height\":941,\"caption\":\"Garden Vista Ballroom NJ Birthdays\"},{\"@type\":\"BreadcrumbList\",\"@id\":\"https:\\\/\\\/gardenvistanj.com\\\/events\\\/birthdays\\\/#breadcrumb\",\"itemListElement\":[{\"@type\":\"ListItem\",\"position\":1,\"name\":\"Home\",\"item\":\"https:\\\/\\\/gardenvistanj.com\\\/\"},{\"@type\":\"ListItem\",\"position\":2,\"name\":\"Events\",\"item\":\"https:\\\/\\\/gardenvistanj.com\\\/events\\\/\"},{\"@type\":\"ListItem\",\"position\":3,\"name\":\"Birthdays\"}]},{\"@type\":\"WebSite\",\"@id\":\"https:\\\/\\\/gardenvistanj.com\\\/#website\",\"url\":\"https:\\\/\\\/gardenvistanj.com\\\/\",\"name\":\"Garden Vista Ballroom\",\"description\":\"Home of the $5000 Reception\",\"publisher\":{\"@id\":\"https:\\\/\\\/gardenvistanj.com\\\/#organization\"},\"potentialAction\":[{\"@type\":\"SearchAction\",\"target\":{\"@type\":\"EntryPoint\",\"urlTemplate\":\"https:\\\/\\\/gardenvistanj.com\\\/?s={search_term_string}\"},\"query-input\":{\"@type\":\"PropertyValueSpecification\",\"valueRequired\":true,\"valueName\":\"search_term_string\"}}],\"inLanguage\":\"es\"},{\"@type\":\"Organization\",\"@id\":\"https:\\\/\\\/gardenvistanj.com\\\/#organization\",\"name\":\"Garden Vista Ballroom\",\"url\":\"https:\\\/\\\/gardenvistanj.com\\\/\",\"logo\":{\"@type\":\"ImageObject\",\"inLanguage\":\"es\",\"@id\":\"https:\\\/\\\/gardenvistanj.com\\\/#\\\/schema\\\/logo\\\/image\\\/\",\"url\":\"https:\\\/\\\/gardenvistanj.com\\\/wp-content\\\/uploads\\\/2022\\\/11\\\/Garden-Vista-Ballroom-Logo.svg\",\"contentUrl\":\"https:\\\/\\\/gardenvistanj.com\\\/wp-content\\\/uploads\\\/2022\\\/11\\\/Garden-Vista-Ballroom-Logo.svg\",\"width\":228,\"height\":83,\"caption\":\"Garden Vista Ballroom\"},\"image\":{\"@id\":\"https:\\\/\\\/gardenvistanj.com\\\/#\\\/schema\\\/logo\\\/image\\\/\"},\"sameAs\":[\"https:\\\/\\\/www.facebook.com\\\/gardenvistaballroom\\\/\",\"https:\\\/\\\/x.com\\\/GardenVistaNJ\",\"https:\\\/\\\/www.instagram.com\\\/gardenvistaballroom\\\/\"]}]}<\/script>\n<!-- \/ Yoast SEO plugin. -->","yoast_head_json":{"title":"Birthdays | Garden Vista Ballroom","description":"The historic Garden Vista Ballroom is a popular birthday venue in NJ. We offer affordable luxury in every all-inclusive package.","robots":{"index":"index","follow":"follow","max-snippet":"max-snippet:-1","max-image-preview":"max-image-preview:large","max-video-preview":"max-video-preview:-1"},"canonical":"https:\/\/gardenvistanj.com\/es\/events\/birthdays\/","og_locale":"es_ES","og_type":"article","og_title":"Birthdays | Garden Vista Ballroom","og_description":"The historic Garden Vista Ballroom is a popular birthday venue in NJ. We offer affordable luxury in every all-inclusive package.","og_url":"https:\/\/gardenvistanj.com\/es\/events\/birthdays\/","og_site_name":"Garden Vista Ballroom","article_publisher":"https:\/\/www.facebook.com\/gardenvistaballroom\/","article_modified_time":"2023-10-13T15:21:56+00:00","og_image":[{"width":2560,"height":941,"url":"https:\/\/gardenvistanj.com\/wp-content\/uploads\/2022\/12\/Garden-Vista-Ballroom-NJ-Birthdays-scaled.jpg","type":"image\/jpeg"}],"twitter_card":"summary_large_image","twitter_site":"@GardenVistaNJ","twitter_misc":{"Tiempo de lectura":"1 minuto"},"schema":{"@context":"https:\/\/schema.org","@graph":[{"@type":"WebPage","@id":"https:\/\/gardenvistanj.com\/events\/birthdays\/","url":"https:\/\/gardenvistanj.com\/events\/birthdays\/","name":"Birthdays | Garden Vista Ballroom","isPartOf":{"@id":"https:\/\/gardenvistanj.com\/#website"},"primaryImageOfPage":{"@id":"https:\/\/gardenvistanj.com\/events\/birthdays\/#primaryimage"},"image":{"@id":"https:\/\/gardenvistanj.com\/events\/birthdays\/#primaryimage"},"thumbnailUrl":"https:\/\/gardenvistanj.com\/wp-content\/uploads\/2022\/12\/Garden-Vista-Ballroom-NJ-Birthdays-scaled.jpg","datePublished":"2022-11-28T23:32:52+00:00","dateModified":"2023-10-13T15:21:56+00:00","description":"The historic Garden Vista Ballroom is a popular birthday venue in NJ. We offer affordable luxury in every all-inclusive package.","breadcrumb":{"@id":"https:\/\/gardenvistanj.com\/events\/birthdays\/#breadcrumb"},"inLanguage":"es","potentialAction":[{"@type":"ReadAction","target":["https:\/\/gardenvistanj.com\/events\/birthdays\/"]}]},{"@type":"ImageObject","inLanguage":"es","@id":"https:\/\/gardenvistanj.com\/events\/birthdays\/#primaryimage","url":"https:\/\/gardenvistanj.com\/wp-content\/uploads\/2022\/12\/Garden-Vista-Ballroom-NJ-Birthdays-scaled.jpg","contentUrl":"https:\/\/gardenvistanj.com\/wp-content\/uploads\/2022\/12\/Garden-Vista-Ballroom-NJ-Birthdays-scaled.jpg","width":2560,"height":941,"caption":"Garden Vista Ballroom NJ Birthdays"},{"@type":"BreadcrumbList","@id":"https:\/\/gardenvistanj.com\/events\/birthdays\/#breadcrumb","itemListElement":[{"@type":"ListItem","position":1,"name":"Home","item":"https:\/\/gardenvistanj.com\/"},{"@type":"ListItem","position":2,"name":"Events","item":"https:\/\/gardenvistanj.com\/events\/"},{"@type":"ListItem","position":3,"name":"Birthdays"}]},{"@type":"WebSite","@id":"https:\/\/gardenvistanj.com\/#website","url":"https:\/\/gardenvistanj.com\/","name":"Sal\u00f3n de baile Garden Vista","description":"Inicio de la Recepci\u00f3n $5000","publisher":{"@id":"https:\/\/gardenvistanj.com\/#organization"},"potentialAction":[{"@type":"SearchAction","target":{"@type":"EntryPoint","urlTemplate":"https:\/\/gardenvistanj.com\/?s={search_term_string}"},"query-input":{"@type":"PropertyValueSpecification","valueRequired":true,"valueName":"search_term_string"}}],"inLanguage":"es"},{"@type":"Organization","@id":"https:\/\/gardenvistanj.com\/#organization","name":"Sal\u00f3n de baile Garden Vista","url":"https:\/\/gardenvistanj.com\/","logo":{"@type":"ImageObject","inLanguage":"es","@id":"https:\/\/gardenvistanj.com\/#\/schema\/logo\/image\/","url":"https:\/\/gardenvistanj.com\/wp-content\/uploads\/2022\/11\/Garden-Vista-Ballroom-Logo.svg","contentUrl":"https:\/\/gardenvistanj.com\/wp-content\/uploads\/2022\/11\/Garden-Vista-Ballroom-Logo.svg","width":228,"height":83,"caption":"Garden Vista Ballroom"},"image":{"@id":"https:\/\/gardenvistanj.com\/#\/schema\/logo\/image\/"},"sameAs":["https:\/\/www.facebook.com\/gardenvistaballroom\/","https:\/\/x.com\/GardenVistaNJ","https:\/\/www.instagram.com\/gardenvistaballroom\/"]}]}},"_links":{"self":[{"href":"https:\/\/gardenvistanj.com\/es\/wp-json\/wp\/v2\/pages\/395","targetHints":{"allow":["GET"]}}],"collection":[{"href":"https:\/\/gardenvistanj.com\/es\/wp-json\/wp\/v2\/pages"}],"about":[{"href":"https:\/\/gardenvistanj.com\/es\/wp-json\/wp\/v2\/types\/page"}],"author":[{"embeddable":true,"href":"https:\/\/gardenvistanj.com\/es\/wp-json\/wp\/v2\/users\/1"}],"replies":[{"embeddable":true,"href":"https:\/\/gardenvistanj.com\/es\/wp-json\/wp\/v2\/comments?post=395"}],"version-history":[{"count":9,"href":"https:\/\/gardenvistanj.com\/es\/wp-json\/wp\/v2\/pages\/395\/revisions"}],"predecessor-version":[{"id":1514,"href":"https:\/\/gardenvistanj.com\/es\/wp-json\/wp\/v2\/pages\/395\/revisions\/1514"}],"up":[{"embeddable":true,"href":"https:\/\/gardenvistanj.com\/es\/wp-json\/wp\/v2\/pages\/375"}],"wp:featuredmedia":[{"embeddable":true,"href":"https:\/\/gardenvistanj.com\/es\/wp-json\/wp\/v2\/media\/1446"}],"wp:attachment":[{"href":"https:\/\/gardenvistanj.com\/es\/wp-json\/wp\/v2\/media?parent=395"}],"wp:term":[{"taxonomy":"category","embeddable":true,"href":"https:\/\/gardenvistanj.com\/es\/wp-json\/wp\/v2\/categories?post=395"}],"curies":[{"name":"gracias","href":"https:\/\/api.w.org\/{rel}","templated":true}]}}